{"id":89,"date":"2024-08-12T14:25:15","date_gmt":"2024-08-12T17:25:15","guid":{"rendered":"http:\/\/lbustamante.com.br\/?page_id=89"},"modified":"2025-10-13T10:52:16","modified_gmt":"2025-10-13T13:52:16","slug":"quem-somos","status":"publish","type":"page","link":"https:\/\/lbustamante.com.br\/index.php\/quem-somos\/","title":{"rendered":"Quem Somos"},"content":{"rendered":"\t\t<div data-elementor-type=\"wp-page\" data-elementor-id=\"89\" class=\"elementor elementor-89\" data-elementor-settings=\"{&quot;ha_cmc_init_switcher&quot;:&quot;no&quot;}\" data-elementor-post-type=\"page\">\n\t\t\t\t<div class=\"elementor-element elementor-element-30ac1de e-flex e-con-boxed e-con e-parent\" data-id=\"30ac1de\" data-element_type=\"container\" data-settings=\"{&quot;background_background&quot;:&quot;classic&quot;,&quot;_ha_eqh_enable&quot;:false}\">\n\t\t\t\t\t<div class=\"e-con-inner\">\n\t\t\t\t<div class=\"elementor-element elementor-element-95b040a texto-degrade elementor-widget__width-initial elementor-widget elementor-widget-text-editor\" data-id=\"95b040a\" data-element_type=\"widget\" data-widget_type=\"text-editor.default\">\n\t\t\t\t<div class=\"elementor-widget-container\">\n\t\t\t\t\t\t\t\t\t<p>Quem sou eu<\/p>\t\t\t\t\t\t\t\t<\/div>\n\t\t\t\t<\/div>\n\t\t\t\t<div class=\"elementor-element elementor-element-3928847 elementor-widget__width-initial elementor-widget elementor-widget-text-editor\" data-id=\"3928847\" data-element_type=\"widget\" data-widget_type=\"text-editor.default\">\n\t\t\t\t<div class=\"elementor-widget-container\">\n\t\t\t\t\t\t\t\t\t<p>Me chamo Lucas Bustamante, sou Psic\u00f3logo Cl\u00ednico e Organizacional.<br \/>Minha miss\u00e3o \u00e9 transformar a forma como as empresas cuidam da sa\u00fade mental dos seus colaboradores, prevenindo riscos psicossociais e impulsionando o desempenho individual e coletivo.<br \/>Com experi\u00eancia pr\u00e1tica alinhada \u00e0 nova NR-1 desde agosto de 2024, compreendo profundamente como a legisla\u00e7\u00e3o atual impacta todas as Normas Regulamentadoras (NRs), e uso esse conhecimento para orientar estrat\u00e9gias eficientes e atualizadas em sa\u00fade ocupacional.<br \/>Ao longo da minha trajet\u00f3ria, desenvolvi um olhar t\u00e9cnico e humano para empresas e pessoas. Atuo com avalia\u00e7\u00f5es psicol\u00f3gicas precisas, baseadas em ferramentas cient\u00edficas, capazes de mapear e agir sobre fatores de risco psicossociais com agilidade e assertividade.<br \/>Meu trabalho vai al\u00e9m do diagn\u00f3stico. Acredito que \u00e9 poss\u00edvel reduzir o adoecimento mental, o n\u00famero de afastamentos, o turnover, o absente\u00edsmo e o presente\u00edsmo, sem abrir m\u00e3o de desenvolver o colaborador, ensinando-o a compreender e gerenciar suas emo\u00e7\u00f5es de forma consciente e aut\u00f4noma.<br \/>Seja bem-vindo(a). Ser\u00e1 um prazer contribuir com a sua empresa ou com sua jornada pessoal.<\/p>\t\t\t\t\t\t\t\t<\/div>\n\t\t\t\t<\/div>\n\t\t\t\t\t<\/div>\n\t\t\t\t<\/div>\n\t\t<div class=\"elementor-element elementor-element-4dea4e7 e-flex e-con-boxed e-con e-parent\" data-id=\"4dea4e7\" data-element_type=\"container\" data-settings=\"{&quot;background_background&quot;:&quot;gradient&quot;,&quot;_ha_eqh_enable&quot;:false}\">\n\t\t\t\t\t<div class=\"e-con-inner\">\n\t\t<div class=\"elementor-element elementor-element-0e7365b e-con-full e-flex e-con e-child\" data-id=\"0e7365b\" data-element_type=\"container\" data-settings=\"{&quot;_ha_eqh_enable&quot;:false}\">\n\t\t\t\t<div class=\"elementor-element elementor-element-4665ceb elementor-widget elementor-widget-text-editor\" data-id=\"4665ceb\" data-element_type=\"widget\" data-widget_type=\"text-editor.default\">\n\t\t\t\t<div class=\"elementor-widget-container\">\n\t\t\t\t\t\t\t\t\t<p>Miss\u00e3o<\/p>\t\t\t\t\t\t\t\t<\/div>\n\t\t\t\t<\/div>\n\t\t\t\t<div class=\"elementor-element elementor-element-205bdff elementor-widget elementor-widget-text-editor\" data-id=\"205bdff\" data-element_type=\"widget\" data-widget_type=\"text-editor.default\">\n\t\t\t\t<div class=\"elementor-widget-container\">\n\t\t\t\t\t\t\t\t\t<p>Proporcionar conhecimento e sa\u00fade mental atrav\u00e9s de uma psicologia \u00e9tica, de qualidade e acolhedora para a popula\u00e7\u00e3o, com t\u00e9cnicas e instrumentos inovadores para buscar resultados eficazes.<\/p>\t\t\t\t\t\t\t\t<\/div>\n\t\t\t\t<\/div>\n\t\t\t\t<\/div>\n\t\t<div class=\"elementor-element elementor-element-c3efbb9 e-con-full e-flex e-con e-child\" data-id=\"c3efbb9\" data-element_type=\"container\" data-settings=\"{&quot;_ha_eqh_enable&quot;:false}\">\n\t\t\t\t<div class=\"elementor-element elementor-element-6f362e5 elementor-widget elementor-widget-text-editor\" data-id=\"6f362e5\" data-element_type=\"widget\" data-widget_type=\"text-editor.default\">\n\t\t\t\t<div class=\"elementor-widget-container\">\n\t\t\t\t\t\t\t\t\t<p>Vis\u00e3o<\/p>\t\t\t\t\t\t\t\t<\/div>\n\t\t\t\t<\/div>\n\t\t\t\t<div class=\"elementor-element elementor-element-e2cece9 elementor-widget elementor-widget-text-editor\" data-id=\"e2cece9\" data-element_type=\"widget\" data-widget_type=\"text-editor.default\">\n\t\t\t\t<div class=\"elementor-widget-container\">\n\t\t\t\t\t\t\t\t\t<p>Ser refer\u00eancia em sa\u00fade mental, atendimento psicol\u00f3gico e acolhimento, promovendo transforma\u00e7\u00e3o significativa na vida das pessoas.<\/p>\t\t\t\t\t\t\t\t<\/div>\n\t\t\t\t<\/div>\n\t\t\t\t<\/div>\n\t\t<div class=\"elementor-element elementor-element-81636a2 e-con-full e-flex e-con e-child\" data-id=\"81636a2\" data-element_type=\"container\" data-settings=\"{&quot;_ha_eqh_enable&quot;:false}\">\n\t\t\t\t<div class=\"elementor-element elementor-element-2c95989 elementor-widget elementor-widget-text-editor\" data-id=\"2c95989\" data-element_type=\"widget\" data-widget_type=\"text-editor.default\">\n\t\t\t\t<div class=\"elementor-widget-container\">\n\t\t\t\t\t\t\t\t\t<p>Valores<\/p>\t\t\t\t\t\t\t\t<\/div>\n\t\t\t\t<\/div>\n\t\t\t\t<div class=\"elementor-element elementor-element-5cef35e elementor-widget elementor-widget-text-editor\" data-id=\"5cef35e\" data-element_type=\"widget\" data-widget_type=\"text-editor.default\">\n\t\t\t\t<div class=\"elementor-widget-container\">\n\t\t\t\t\t\t\t\t\t<p>\u00c9tica, empatia, di\u00e1logo, respeito, colabora\u00e7\u00e3o, honestidade, integridade e responsabilidade social.<\/p>\t\t\t\t\t\t\t\t<\/div>\n\t\t\t\t<\/div>\n\t\t\t\t<\/div>\n\t\t\t\t\t<\/div>\n\t\t\t\t<\/div>\n\t\t<div class=\"elementor-element elementor-element-b9369da e-flex e-con-boxed e-con e-parent\" data-id=\"b9369da\" data-element_type=\"container\" data-settings=\"{&quot;_ha_eqh_enable&quot;:false}\">\n\t\t\t\t\t<div class=\"e-con-inner\">\n\t\t\t\t<div class=\"elementor-element elementor-element-29f8fa8 elementor-widget elementor-widget-image\" data-id=\"29f8fa8\" data-element_type=\"widget\" data-widget_type=\"image.default\">\n\t\t\t\t<div class=\"elementor-widget-container\">\n\t\t\t\t\t\t\t\t\t\t\t\t\t\t\t<img fetchpriority=\"high\" decoding=\"async\" width=\"1000\" height=\"563\" src=\"https:\/\/lbustamante.com.br\/wp-content\/uploads\/2025\/10\/group_7-1.webp\" class=\"attachment-full size-full wp-image-1229\" alt=\"\" srcset=\"https:\/\/lbustamante.com.br\/wp-content\/uploads\/2025\/10\/group_7-1.webp 1000w, https:\/\/lbustamante.com.br\/wp-content\/uploads\/2025\/10\/group_7-1-300x169.webp 300w, https:\/\/lbustamante.com.br\/wp-content\/uploads\/2025\/10\/group_7-1-768x432.webp 768w, https:\/\/lbustamante.com.br\/wp-content\/uploads\/2025\/10\/group_7-1-600x338.webp 600w\" sizes=\"(max-width: 1000px) 100vw, 1000px\" \/>\t\t\t\t\t\t\t\t\t\t\t\t\t\t\t<\/div>\n\t\t\t\t<\/div>\n\t\t\t\t\t<\/div>\n\t\t\t\t<\/div>\n\t\t\t\t<\/div>\n\t\t","protected":false},"excerpt":{"rendered":"<p>Quem sou eu Me chamo Lucas Bustamante, sou Psic\u00f3logo Cl\u00ednico e Organizacional.Minha miss\u00e3o \u00e9 transformar a forma como as empresas cuidam da sa\u00fade mental dos seus colaboradores, prevenindo riscos psicossociais e impulsionando o desempenho individual e coletivo.Com experi\u00eancia pr\u00e1tica alinhada \u00e0 nova NR-1 desde agosto de 2024, compreendo profundamente como a legisla\u00e7\u00e3o atual impacta todas [&hellip;]<\/p>\n","protected":false},"author":1,"featured_media":0,"parent":0,"menu_order":0,"comment_status":"closed","ping_status":"closed","template":"elementor_header_footer","meta":{"two_page_speed":[],"footnotes":""},"class_list":["post-89","page","type-page","status-publish","hentry"],"_links":{"self":[{"href":"https:\/\/lbustamante.com.br\/index.php\/wp-json\/wp\/v2\/pages\/89","targetHints":{"allow":["GET"]}}],"collection":[{"href":"https:\/\/lbustamante.com.br\/index.php\/wp-json\/wp\/v2\/pages"}],"about":[{"href":"https:\/\/lbustamante.com.br\/index.php\/wp-json\/wp\/v2\/types\/page"}],"author":[{"embeddable":true,"href":"https:\/\/lbustamante.com.br\/index.php\/wp-json\/wp\/v2\/users\/1"}],"replies":[{"embeddable":true,"href":"https:\/\/lbustamante.com.br\/index.php\/wp-json\/wp\/v2\/comments?post=89"}],"version-history":[{"count":79,"href":"https:\/\/lbustamante.com.br\/index.php\/wp-json\/wp\/v2\/pages\/89\/revisions"}],"predecessor-version":[{"id":1232,"href":"https:\/\/lbustamante.com.br\/index.php\/wp-json\/wp\/v2\/pages\/89\/revisions\/1232"}],"wp:attachment":[{"href":"https:\/\/lbustamante.com.br\/index.php\/wp-json\/wp\/v2\/media?parent=89"}],"curies":[{"name":"wp","href":"https:\/\/api.w.org\/{rel}","templated":true}]}}