{"id":843,"date":"2024-09-20T01:02:37","date_gmt":"2024-09-20T04:02:37","guid":{"rendered":"https:\/\/lbustamante.com.br\/?page_id=843"},"modified":"2024-12-19T20:09:22","modified_gmt":"2024-12-19T23:09:22","slug":"palestras-e-cursos","status":"publish","type":"page","link":"https:\/\/lbustamante.com.br\/index.php\/palestras-e-cursos\/","title":{"rendered":"Palestras e Cursos"},"content":{"rendered":"\t\t<div data-elementor-type=\"wp-page\" data-elementor-id=\"843\" class=\"elementor elementor-843\" data-elementor-settings=\"{&quot;ha_cmc_init_switcher&quot;:&quot;no&quot;}\" data-elementor-post-type=\"page\">\n\t\t\t\t\t\t<section class=\"elementor-section elementor-top-section elementor-element elementor-element-14b22dc2 elementor-section-height-min-height elementor-section-items-bottom elementor-section-boxed elementor-section-height-default\" data-id=\"14b22dc2\" data-element_type=\"section\" data-settings=\"{&quot;background_background&quot;:&quot;classic&quot;,&quot;_ha_eqh_enable&quot;:false}\">\n\t\t\t\t\t\t<div class=\"elementor-container elementor-column-gap-default\">\n\t\t\t\t\t<div class=\"elementor-column elementor-col-100 elementor-top-column elementor-element elementor-element-58245b56\" data-id=\"58245b56\" data-element_type=\"column\">\n\t\t\t<div class=\"elementor-widget-wrap elementor-element-populated\">\n\t\t\t\t\t\t<div class=\"elementor-element elementor-element-4ea8badf elementor-invisible elementor-widget elementor-widget-heading\" data-id=\"4ea8badf\" data-element_type=\"widget\" data-settings=\"{&quot;_animation&quot;:&quot;fadeInRight&quot;}\" data-widget_type=\"heading.default\">\n\t\t\t\t<div class=\"elementor-widget-container\">\n\t\t\t\t\t<h2 class=\"elementor-heading-title elementor-size-default\">PALESTRAS E CURSOS<\/h2>\t\t\t\t<\/div>\n\t\t\t\t<\/div>\n\t\t\t\t\t<\/div>\n\t\t<\/div>\n\t\t\t\t\t<\/div>\n\t\t<\/section>\n\t\t\t\t<section class=\"elementor-section elementor-top-section elementor-element elementor-element-625b162f elementor-section-boxed elementor-section-height-default elementor-section-height-default\" data-id=\"625b162f\" data-element_type=\"section\" data-settings=\"{&quot;_ha_eqh_enable&quot;:false}\">\n\t\t\t\t\t\t<div class=\"elementor-container elementor-column-gap-default\">\n\t\t\t\t\t<div class=\"elementor-column elementor-col-100 elementor-top-column elementor-element elementor-element-7b9a179a\" data-id=\"7b9a179a\" data-element_type=\"column\">\n\t\t\t<div class=\"elementor-widget-wrap elementor-element-populated\">\n\t\t\t\t\t\t<div class=\"elementor-element elementor-element-15537f1 elementor-invisible elementor-widget elementor-widget-image\" data-id=\"15537f1\" data-element_type=\"widget\" data-settings=\"{&quot;_animation&quot;:&quot;fadeInRight&quot;}\" data-widget_type=\"image.default\">\n\t\t\t\t<div class=\"elementor-widget-container\">\n\t\t\t\t\t\t\t\t\t\t\t\t\t\t\t<img fetchpriority=\"high\" decoding=\"async\" width=\"1920\" height=\"720\" src=\"https:\/\/lbustamante.com.br\/wp-content\/uploads\/2024\/09\/PALESTRAS-E-CURSOS.png\" class=\"attachment-full size-full wp-image-849\" alt=\"\" srcset=\"https:\/\/lbustamante.com.br\/wp-content\/uploads\/2024\/09\/PALESTRAS-E-CURSOS.png 1920w, https:\/\/lbustamante.com.br\/wp-content\/uploads\/2024\/09\/PALESTRAS-E-CURSOS-300x113.png 300w, https:\/\/lbustamante.com.br\/wp-content\/uploads\/2024\/09\/PALESTRAS-E-CURSOS-1024x384.png 1024w, https:\/\/lbustamante.com.br\/wp-content\/uploads\/2024\/09\/PALESTRAS-E-CURSOS-768x288.png 768w, https:\/\/lbustamante.com.br\/wp-content\/uploads\/2024\/09\/PALESTRAS-E-CURSOS-1536x576.png 1536w\" sizes=\"(max-width: 1920px) 100vw, 1920px\" \/>\t\t\t\t\t\t\t\t\t\t\t\t\t\t\t<\/div>\n\t\t\t\t<\/div>\n\t\t\t\t\t<\/div>\n\t\t<\/div>\n\t\t\t\t\t<\/div>\n\t\t<\/section>\n\t\t\t\t<section class=\"elementor-section elementor-top-section elementor-element elementor-element-7559387d elementor-section-boxed elementor-section-height-default elementor-section-height-default\" data-id=\"7559387d\" data-element_type=\"section\" data-settings=\"{&quot;_ha_eqh_enable&quot;:false}\">\n\t\t\t\t\t\t<div class=\"elementor-container elementor-column-gap-default\">\n\t\t\t\t\t<div class=\"elementor-column elementor-col-100 elementor-top-column elementor-element elementor-element-65bda5b3\" data-id=\"65bda5b3\" data-element_type=\"column\">\n\t\t\t<div class=\"elementor-widget-wrap elementor-element-populated\">\n\t\t\t\t\t\t<div class=\"elementor-element elementor-element-608ce843 elementor-invisible elementor-widget elementor-widget-heading\" data-id=\"608ce843\" data-element_type=\"widget\" data-settings=\"{&quot;_animation&quot;:&quot;fadeInUp&quot;}\" data-widget_type=\"heading.default\">\n\t\t\t\t<div class=\"elementor-widget-container\">\n\t\t\t\t\t<h2 class=\"elementor-heading-title elementor-size-default\">PALESTRAS E CURSOS<\/h2>\t\t\t\t<\/div>\n\t\t\t\t<\/div>\n\t\t\t\t<div class=\"elementor-element elementor-element-19d89abb elementor-invisible elementor-widget elementor-widget-heading\" data-id=\"19d89abb\" data-element_type=\"widget\" data-settings=\"{&quot;_animation&quot;:&quot;fadeInUp&quot;,&quot;_animation_delay&quot;:200}\" data-widget_type=\"heading.default\">\n\t\t\t\t<div class=\"elementor-widget-container\">\n\t\t\t\t\t<h3 class=\"elementor-heading-title elementor-size-default\">Promovendo o bem-estar atrav\u00e9s do conhecimento<\/h3>\t\t\t\t<\/div>\n\t\t\t\t<\/div>\n\t\t\t\t<div class=\"elementor-element elementor-element-7ac11e79 elementor-invisible elementor-widget elementor-widget-text-editor\" data-id=\"7ac11e79\" data-element_type=\"widget\" data-settings=\"{&quot;_animation&quot;:&quot;fadeInUp&quot;}\" data-widget_type=\"text-editor.default\">\n\t\t\t\t<div class=\"elementor-widget-container\">\n\t\t\t\t\t\t\t\t\t<p>Objetivo de disseminar conhecimento na \u00e1rea de sa\u00fade mental para empresas, organiza\u00e7\u00f5es e institui\u00e7\u00f5es educacionais.<\/p><p><strong>\u201cA transmiss\u00e3o do saber tamb\u00e9m \u00e9 umaforma de cuidado\u201d<\/strong><\/p>\t\t\t\t\t\t\t\t<\/div>\n\t\t\t\t<\/div>\n\t\t\t\t\t<\/div>\n\t\t<\/div>\n\t\t\t\t\t<\/div>\n\t\t<\/section>\n\t\t\t\t<\/div>\n\t\t","protected":false},"excerpt":{"rendered":"<p>PALESTRAS E CURSOS PALESTRAS E CURSOS Promovendo o bem-estar atrav\u00e9s do conhecimento Objetivo de disseminar conhecimento na \u00e1rea de sa\u00fade mental para empresas, organiza\u00e7\u00f5es e institui\u00e7\u00f5es educacionais. \u201cA transmiss\u00e3o do saber tamb\u00e9m \u00e9 umaforma de cuidado\u201d<\/p>\n","protected":false},"author":1,"featured_media":0,"parent":0,"menu_order":0,"comment_status":"closed","ping_status":"closed","template":"elementor_header_footer","meta":{"two_page_speed":[],"footnotes":""},"class_list":["post-843","page","type-page","status-publish","hentry"],"_links":{"self":[{"href":"https:\/\/lbustamante.com.br\/index.php\/wp-json\/wp\/v2\/pages\/843","targetHints":{"allow":["GET"]}}],"collection":[{"href":"https:\/\/lbustamante.com.br\/index.php\/wp-json\/wp\/v2\/pages"}],"about":[{"href":"https:\/\/lbustamante.com.br\/index.php\/wp-json\/wp\/v2\/types\/page"}],"author":[{"embeddable":true,"href":"https:\/\/lbustamante.com.br\/index.php\/wp-json\/wp\/v2\/users\/1"}],"replies":[{"embeddable":true,"href":"https:\/\/lbustamante.com.br\/index.php\/wp-json\/wp\/v2\/comments?post=843"}],"version-history":[{"count":19,"href":"https:\/\/lbustamante.com.br\/index.php\/wp-json\/wp\/v2\/pages\/843\/revisions"}],"predecessor-version":[{"id":1087,"href":"https:\/\/lbustamante.com.br\/index.php\/wp-json\/wp\/v2\/pages\/843\/revisions\/1087"}],"wp:attachment":[{"href":"https:\/\/lbustamante.com.br\/index.php\/wp-json\/wp\/v2\/media?parent=843"}],"curies":[{"name":"wp","href":"https:\/\/api.w.org\/{rel}","templated":true}]}}