{"id":811,"date":"2024-09-20T00:41:25","date_gmt":"2024-09-20T03:41:25","guid":{"rendered":"https:\/\/lbustamante.com.br\/?page_id=811"},"modified":"2024-12-19T20:09:06","modified_gmt":"2024-12-19T23:09:06","slug":"orientacao-profissional","status":"publish","type":"page","link":"https:\/\/lbustamante.com.br\/index.php\/orientacao-profissional\/","title":{"rendered":"Orienta\u00e7\u00e3o Profissional"},"content":{"rendered":"\t\t<div data-elementor-type=\"wp-page\" data-elementor-id=\"811\" class=\"elementor elementor-811\" data-elementor-settings=\"{&quot;ha_cmc_init_switcher&quot;:&quot;no&quot;}\" data-elementor-post-type=\"page\">\n\t\t\t\t\t\t<section class=\"elementor-section elementor-top-section elementor-element elementor-element-24e403c7 elementor-section-height-min-height elementor-section-items-bottom elementor-section-boxed elementor-section-height-default\" data-id=\"24e403c7\" data-element_type=\"section\" data-settings=\"{&quot;background_background&quot;:&quot;classic&quot;,&quot;_ha_eqh_enable&quot;:false}\">\n\t\t\t\t\t\t<div class=\"elementor-container elementor-column-gap-default\">\n\t\t\t\t\t<div class=\"elementor-column elementor-col-100 elementor-top-column elementor-element elementor-element-7b824450\" data-id=\"7b824450\" data-element_type=\"column\">\n\t\t\t<div class=\"elementor-widget-wrap elementor-element-populated\">\n\t\t\t\t\t\t<div class=\"elementor-element elementor-element-316a1be9 elementor-invisible elementor-widget elementor-widget-heading\" data-id=\"316a1be9\" data-element_type=\"widget\" data-settings=\"{&quot;_animation&quot;:&quot;fadeInRight&quot;}\" data-widget_type=\"heading.default\">\n\t\t\t\t<div class=\"elementor-widget-container\">\n\t\t\t\t\t<h2 class=\"elementor-heading-title elementor-size-default\">ORIENTA\u00c7\u00c3O PROFISSIONAL<\/h2>\t\t\t\t<\/div>\n\t\t\t\t<\/div>\n\t\t\t\t\t<\/div>\n\t\t<\/div>\n\t\t\t\t\t<\/div>\n\t\t<\/section>\n\t\t\t\t<section class=\"elementor-section elementor-top-section elementor-element elementor-element-64f9cae8 elementor-section-boxed elementor-section-height-default elementor-section-height-default\" data-id=\"64f9cae8\" data-element_type=\"section\" data-settings=\"{&quot;_ha_eqh_enable&quot;:false}\">\n\t\t\t\t\t\t<div class=\"elementor-container elementor-column-gap-default\">\n\t\t\t\t\t<div class=\"elementor-column elementor-col-100 elementor-top-column elementor-element elementor-element-17e8277f\" data-id=\"17e8277f\" data-element_type=\"column\">\n\t\t\t<div class=\"elementor-widget-wrap elementor-element-populated\">\n\t\t\t\t\t\t<div class=\"elementor-element elementor-element-624249e1 elementor-invisible elementor-widget elementor-widget-image\" data-id=\"624249e1\" data-element_type=\"widget\" data-settings=\"{&quot;_animation&quot;:&quot;fadeInRight&quot;}\" data-widget_type=\"image.default\">\n\t\t\t\t<div class=\"elementor-widget-container\">\n\t\t\t\t\t\t\t\t\t\t\t\t\t\t\t<img fetchpriority=\"high\" decoding=\"async\" width=\"1920\" height=\"720\" src=\"https:\/\/lbustamante.com.br\/wp-content\/uploads\/2024\/09\/ORIENTACAO-PSICOLOGICA.png\" class=\"attachment-full size-full wp-image-817\" alt=\"\" srcset=\"https:\/\/lbustamante.com.br\/wp-content\/uploads\/2024\/09\/ORIENTACAO-PSICOLOGICA.png 1920w, https:\/\/lbustamante.com.br\/wp-content\/uploads\/2024\/09\/ORIENTACAO-PSICOLOGICA-300x113.png 300w, https:\/\/lbustamante.com.br\/wp-content\/uploads\/2024\/09\/ORIENTACAO-PSICOLOGICA-1024x384.png 1024w, https:\/\/lbustamante.com.br\/wp-content\/uploads\/2024\/09\/ORIENTACAO-PSICOLOGICA-768x288.png 768w, https:\/\/lbustamante.com.br\/wp-content\/uploads\/2024\/09\/ORIENTACAO-PSICOLOGICA-1536x576.png 1536w\" sizes=\"(max-width: 1920px) 100vw, 1920px\" \/>\t\t\t\t\t\t\t\t\t\t\t\t\t\t\t<\/div>\n\t\t\t\t<\/div>\n\t\t\t\t\t<\/div>\n\t\t<\/div>\n\t\t\t\t\t<\/div>\n\t\t<\/section>\n\t\t\t\t<section class=\"elementor-section elementor-top-section elementor-element elementor-element-4fe2c78f elementor-section-boxed elementor-section-height-default elementor-section-height-default\" data-id=\"4fe2c78f\" data-element_type=\"section\" data-settings=\"{&quot;_ha_eqh_enable&quot;:false}\">\n\t\t\t\t\t\t<div class=\"elementor-container elementor-column-gap-default\">\n\t\t\t\t\t<div class=\"elementor-column elementor-col-100 elementor-top-column elementor-element elementor-element-6d5419b8\" data-id=\"6d5419b8\" data-element_type=\"column\">\n\t\t\t<div class=\"elementor-widget-wrap elementor-element-populated\">\n\t\t\t\t\t\t<div class=\"elementor-element elementor-element-26ce4b24 elementor-invisible elementor-widget elementor-widget-heading\" data-id=\"26ce4b24\" data-element_type=\"widget\" data-settings=\"{&quot;_animation&quot;:&quot;fadeInUp&quot;}\" data-widget_type=\"heading.default\">\n\t\t\t\t<div class=\"elementor-widget-container\">\n\t\t\t\t\t<h2 class=\"elementor-heading-title elementor-size-default\">ORIENTA\u00c7\u00c3O PROFISSIONAL<\/h2>\t\t\t\t<\/div>\n\t\t\t\t<\/div>\n\t\t\t\t<div class=\"elementor-element elementor-element-3d3d2235 elementor-invisible elementor-widget elementor-widget-heading\" data-id=\"3d3d2235\" data-element_type=\"widget\" data-settings=\"{&quot;_animation&quot;:&quot;fadeInUp&quot;,&quot;_animation_delay&quot;:200}\" data-widget_type=\"heading.default\">\n\t\t\t\t<div class=\"elementor-widget-container\">\n\t\t\t\t\t<h3 class=\"elementor-heading-title elementor-size-default\">Desenvolva suas habilidades e construa um futuro de sucesso<\/h3>\t\t\t\t<\/div>\n\t\t\t\t<\/div>\n\t\t\t\t<div class=\"elementor-element elementor-element-48d89ff7 elementor-invisible elementor-widget elementor-widget-text-editor\" data-id=\"48d89ff7\" data-element_type=\"widget\" data-settings=\"{&quot;_animation&quot;:&quot;fadeInUp&quot;}\" data-widget_type=\"text-editor.default\">\n\t\t\t\t<div class=\"elementor-widget-container\">\n\t\t\t\t\t\t\t\t\t<p>Processo de aux\u00edlio e autoconhecimento para promover desenvolvimento pessoal e profissional, tanto para aqueles que est\u00e3o em d\u00favidas sobre qual profiss\u00e3o escolher quanto para indiv\u00edduos que desejam alavancar suas carreiras profissionais.<\/p>\t\t\t\t\t\t\t\t<\/div>\n\t\t\t\t<\/div>\n\t\t\t\t\t<\/div>\n\t\t<\/div>\n\t\t\t\t\t<\/div>\n\t\t<\/section>\n\t\t\t\t<\/div>\n\t\t","protected":false},"excerpt":{"rendered":"<p>ORIENTA\u00c7\u00c3O PROFISSIONAL ORIENTA\u00c7\u00c3O PROFISSIONAL Desenvolva suas habilidades e construa um futuro de sucesso Processo de aux\u00edlio e autoconhecimento para promover desenvolvimento pessoal e profissional, tanto para aqueles que est\u00e3o em d\u00favidas sobre qual profiss\u00e3o escolher quanto para indiv\u00edduos que desejam alavancar suas carreiras profissionais.<\/p>\n","protected":false},"author":1,"featured_media":0,"parent":0,"menu_order":0,"comment_status":"closed","ping_status":"closed","template":"elementor_header_footer","meta":{"two_page_speed":[],"footnotes":""},"class_list":["post-811","page","type-page","status-publish","hentry"],"_links":{"self":[{"href":"https:\/\/lbustamante.com.br\/index.php\/wp-json\/wp\/v2\/pages\/811","targetHints":{"allow":["GET"]}}],"collection":[{"href":"https:\/\/lbustamante.com.br\/index.php\/wp-json\/wp\/v2\/pages"}],"about":[{"href":"https:\/\/lbustamante.com.br\/index.php\/wp-json\/wp\/v2\/types\/page"}],"author":[{"embeddable":true,"href":"https:\/\/lbustamante.com.br\/index.php\/wp-json\/wp\/v2\/users\/1"}],"replies":[{"embeddable":true,"href":"https:\/\/lbustamante.com.br\/index.php\/wp-json\/wp\/v2\/comments?post=811"}],"version-history":[{"count":19,"href":"https:\/\/lbustamante.com.br\/index.php\/wp-json\/wp\/v2\/pages\/811\/revisions"}],"predecessor-version":[{"id":1084,"href":"https:\/\/lbustamante.com.br\/index.php\/wp-json\/wp\/v2\/pages\/811\/revisions\/1084"}],"wp:attachment":[{"href":"https:\/\/lbustamante.com.br\/index.php\/wp-json\/wp\/v2\/media?parent=811"}],"curies":[{"name":"wp","href":"https:\/\/api.w.org\/{rel}","templated":true}]}}