{"id":783,"date":"2024-09-20T00:25:18","date_gmt":"2024-09-20T03:25:18","guid":{"rendered":"https:\/\/lbustamante.com.br\/?page_id=783"},"modified":"2024-12-19T20:08:50","modified_gmt":"2024-12-19T23:08:50","slug":"avaliacao-psicologica","status":"publish","type":"page","link":"https:\/\/lbustamante.com.br\/index.php\/avaliacao-psicologica\/","title":{"rendered":"Avalia\u00e7\u00e3o Psicol\u00f3gica"},"content":{"rendered":"\t\t<div data-elementor-type=\"wp-page\" data-elementor-id=\"783\" class=\"elementor elementor-783\" data-elementor-settings=\"{&quot;ha_cmc_init_switcher&quot;:&quot;no&quot;}\" data-elementor-post-type=\"page\">\n\t\t\t\t\t\t<section class=\"elementor-section elementor-top-section elementor-element elementor-element-6e85e3fb elementor-section-height-min-height elementor-section-items-bottom elementor-section-boxed elementor-section-height-default\" data-id=\"6e85e3fb\" data-element_type=\"section\" data-settings=\"{&quot;background_background&quot;:&quot;classic&quot;,&quot;_ha_eqh_enable&quot;:false}\">\n\t\t\t\t\t\t<div class=\"elementor-container elementor-column-gap-default\">\n\t\t\t\t\t<div class=\"elementor-column elementor-col-100 elementor-top-column elementor-element elementor-element-7e428f7\" data-id=\"7e428f7\" data-element_type=\"column\">\n\t\t\t<div class=\"elementor-widget-wrap elementor-element-populated\">\n\t\t\t\t\t\t<div class=\"elementor-element elementor-element-6e3fb578 elementor-invisible elementor-widget elementor-widget-heading\" data-id=\"6e3fb578\" data-element_type=\"widget\" data-settings=\"{&quot;_animation&quot;:&quot;fadeInRight&quot;}\" data-widget_type=\"heading.default\">\n\t\t\t\t<div class=\"elementor-widget-container\">\n\t\t\t\t\t<h2 class=\"elementor-heading-title elementor-size-default\">AVALIA\u00c7\u00c3O PSICOL\u00d3GICA<\/h2>\t\t\t\t<\/div>\n\t\t\t\t<\/div>\n\t\t\t\t\t<\/div>\n\t\t<\/div>\n\t\t\t\t\t<\/div>\n\t\t<\/section>\n\t\t\t\t<section class=\"elementor-section elementor-top-section elementor-element elementor-element-78b80b55 elementor-section-boxed elementor-section-height-default elementor-section-height-default\" data-id=\"78b80b55\" data-element_type=\"section\" data-settings=\"{&quot;_ha_eqh_enable&quot;:false}\">\n\t\t\t\t\t\t<div class=\"elementor-container elementor-column-gap-default\">\n\t\t\t\t\t<div class=\"elementor-column elementor-col-100 elementor-top-column elementor-element elementor-element-5a9c04e\" data-id=\"5a9c04e\" data-element_type=\"column\">\n\t\t\t<div class=\"elementor-widget-wrap elementor-element-populated\">\n\t\t\t\t\t\t<div class=\"elementor-element elementor-element-72006a97 elementor-invisible elementor-widget elementor-widget-image\" data-id=\"72006a97\" data-element_type=\"widget\" data-settings=\"{&quot;_animation&quot;:&quot;fadeInRight&quot;}\" data-widget_type=\"image.default\">\n\t\t\t\t<div class=\"elementor-widget-container\">\n\t\t\t\t\t\t\t\t\t\t\t\t\t\t\t<img fetchpriority=\"high\" decoding=\"async\" width=\"1920\" height=\"720\" src=\"https:\/\/lbustamante.com.br\/wp-content\/uploads\/2024\/09\/AVALIACAO-PSICOLOGICA.png\" class=\"attachment-full size-full wp-image-789\" alt=\"\" srcset=\"https:\/\/lbustamante.com.br\/wp-content\/uploads\/2024\/09\/AVALIACAO-PSICOLOGICA.png 1920w, https:\/\/lbustamante.com.br\/wp-content\/uploads\/2024\/09\/AVALIACAO-PSICOLOGICA-300x113.png 300w, https:\/\/lbustamante.com.br\/wp-content\/uploads\/2024\/09\/AVALIACAO-PSICOLOGICA-1024x384.png 1024w, https:\/\/lbustamante.com.br\/wp-content\/uploads\/2024\/09\/AVALIACAO-PSICOLOGICA-768x288.png 768w, https:\/\/lbustamante.com.br\/wp-content\/uploads\/2024\/09\/AVALIACAO-PSICOLOGICA-1536x576.png 1536w\" sizes=\"(max-width: 1920px) 100vw, 1920px\" \/>\t\t\t\t\t\t\t\t\t\t\t\t\t\t\t<\/div>\n\t\t\t\t<\/div>\n\t\t\t\t\t<\/div>\n\t\t<\/div>\n\t\t\t\t\t<\/div>\n\t\t<\/section>\n\t\t\t\t<section class=\"elementor-section elementor-top-section elementor-element elementor-element-68dc94de elementor-section-boxed elementor-section-height-default elementor-section-height-default\" data-id=\"68dc94de\" data-element_type=\"section\" data-settings=\"{&quot;_ha_eqh_enable&quot;:false}\">\n\t\t\t\t\t\t<div class=\"elementor-container elementor-column-gap-default\">\n\t\t\t\t\t<div class=\"elementor-column elementor-col-100 elementor-top-column elementor-element elementor-element-8c71e04\" data-id=\"8c71e04\" data-element_type=\"column\">\n\t\t\t<div class=\"elementor-widget-wrap elementor-element-populated\">\n\t\t\t\t\t\t<div class=\"elementor-element elementor-element-49232d5b animated-slow elementor-invisible elementor-widget elementor-widget-heading\" data-id=\"49232d5b\" data-element_type=\"widget\" data-settings=\"{&quot;_animation&quot;:&quot;fadeInUp&quot;}\" data-widget_type=\"heading.default\">\n\t\t\t\t<div class=\"elementor-widget-container\">\n\t\t\t\t\t<h2 class=\"elementor-heading-title elementor-size-default\">AVALIA\u00c7\u00c3O PSICOL\u00d3GICA<\/h2>\t\t\t\t<\/div>\n\t\t\t\t<\/div>\n\t\t\t\t<div class=\"elementor-element elementor-element-4120d700 elementor-invisible elementor-widget elementor-widget-heading\" data-id=\"4120d700\" data-element_type=\"widget\" data-settings=\"{&quot;_animation&quot;:&quot;fadeInUp&quot;,&quot;_animation_delay&quot;:200}\" data-widget_type=\"heading.default\">\n\t\t\t\t<div class=\"elementor-widget-container\">\n\t\t\t\t\t<h3 class=\"elementor-heading-title elementor-size-default\">Para contextos cl\u00ednicos,organizacionais, cirurgia bari\u00e1trica, vasectomia e laqueadura<\/h3>\t\t\t\t<\/div>\n\t\t\t\t<\/div>\n\t\t\t\t<div class=\"elementor-element elementor-element-d3097d4 elementor-invisible elementor-widget elementor-widget-text-editor\" data-id=\"d3097d4\" data-element_type=\"widget\" data-settings=\"{&quot;_animation&quot;:&quot;fadeInUp&quot;}\" data-widget_type=\"text-editor.default\">\n\t\t\t\t<div class=\"elementor-widget-container\">\n\t\t\t\t\t\t\t\t\t<p>Processo estruturado de investiga\u00e7\u00e3o de fen\u00f4menos psicol\u00f3gicos, composto de m\u00e9todos, t\u00e9cnicas e instrumentos, com o objetivo de prover informa\u00e7\u00f5es \u00e0 tomada de decis\u00e3o, no \u00e2mbito individual, grupal ou institucional, com base em demandas, condi\u00e7\u00f5es e finalidades espec\u00edficas.<\/p>\t\t\t\t\t\t\t\t<\/div>\n\t\t\t\t<\/div>\n\t\t\t\t\t<\/div>\n\t\t<\/div>\n\t\t\t\t\t<\/div>\n\t\t<\/section>\n\t\t\t\t<\/div>\n\t\t","protected":false},"excerpt":{"rendered":"<p>AVALIA\u00c7\u00c3O PSICOL\u00d3GICA AVALIA\u00c7\u00c3O PSICOL\u00d3GICA Para contextos cl\u00ednicos,organizacionais, cirurgia bari\u00e1trica, vasectomia e laqueadura Processo estruturado de investiga\u00e7\u00e3o de fen\u00f4menos psicol\u00f3gicos, composto de m\u00e9todos, t\u00e9cnicas e instrumentos, com o objetivo de prover informa\u00e7\u00f5es \u00e0 tomada de decis\u00e3o, no \u00e2mbito individual, grupal ou institucional, com base em demandas, condi\u00e7\u00f5es e finalidades espec\u00edficas.<\/p>\n","protected":false},"author":1,"featured_media":0,"parent":0,"menu_order":0,"comment_status":"closed","ping_status":"closed","template":"elementor_header_footer","meta":{"two_page_speed":[],"footnotes":""},"class_list":["post-783","page","type-page","status-publish","hentry"],"_links":{"self":[{"href":"https:\/\/lbustamante.com.br\/index.php\/wp-json\/wp\/v2\/pages\/783","targetHints":{"allow":["GET"]}}],"collection":[{"href":"https:\/\/lbustamante.com.br\/index.php\/wp-json\/wp\/v2\/pages"}],"about":[{"href":"https:\/\/lbustamante.com.br\/index.php\/wp-json\/wp\/v2\/types\/page"}],"author":[{"embeddable":true,"href":"https:\/\/lbustamante.com.br\/index.php\/wp-json\/wp\/v2\/users\/1"}],"replies":[{"embeddable":true,"href":"https:\/\/lbustamante.com.br\/index.php\/wp-json\/wp\/v2\/comments?post=783"}],"version-history":[{"count":22,"href":"https:\/\/lbustamante.com.br\/index.php\/wp-json\/wp\/v2\/pages\/783\/revisions"}],"predecessor-version":[{"id":1081,"href":"https:\/\/lbustamante.com.br\/index.php\/wp-json\/wp\/v2\/pages\/783\/revisions\/1081"}],"wp:attachment":[{"href":"https:\/\/lbustamante.com.br\/index.php\/wp-json\/wp\/v2\/media?parent=783"}],"curies":[{"name":"wp","href":"https:\/\/api.w.org\/{rel}","templated":true}]}}