{"id":623,"date":"2024-08-28T00:28:34","date_gmt":"2024-08-28T03:28:34","guid":{"rendered":"https:\/\/lbustamante.com.br\/?page_id=623"},"modified":"2024-12-19T20:08:38","modified_gmt":"2024-12-19T23:08:38","slug":"atendimento-psicologico","status":"publish","type":"page","link":"https:\/\/lbustamante.com.br\/index.php\/atendimento-psicologico\/","title":{"rendered":"Atendimento Psicol\u00f3gico"},"content":{"rendered":"\t\t<div data-elementor-type=\"wp-page\" data-elementor-id=\"623\" class=\"elementor elementor-623\" data-elementor-settings=\"{&quot;ha_cmc_init_switcher&quot;:&quot;no&quot;}\" data-elementor-post-type=\"page\">\n\t\t\t\t\t\t<section class=\"elementor-section elementor-top-section elementor-element elementor-element-5a2b993e elementor-section-height-min-height elementor-section-items-bottom elementor-section-boxed elementor-section-height-default\" data-id=\"5a2b993e\" data-element_type=\"section\" data-settings=\"{&quot;background_background&quot;:&quot;classic&quot;,&quot;_ha_eqh_enable&quot;:false}\">\n\t\t\t\t\t\t<div class=\"elementor-container elementor-column-gap-default\">\n\t\t\t\t\t<div class=\"elementor-column elementor-col-100 elementor-top-column elementor-element elementor-element-6ad9addd\" data-id=\"6ad9addd\" data-element_type=\"column\">\n\t\t\t<div class=\"elementor-widget-wrap elementor-element-populated\">\n\t\t\t\t\t\t<div class=\"elementor-element elementor-element-6d4e3792 elementor-invisible elementor-widget elementor-widget-heading\" data-id=\"6d4e3792\" data-element_type=\"widget\" data-settings=\"{&quot;_animation&quot;:&quot;fadeInRight&quot;}\" data-widget_type=\"heading.default\">\n\t\t\t\t<div class=\"elementor-widget-container\">\n\t\t\t\t\t<h2 class=\"elementor-heading-title elementor-size-default\">ATENDIMENTO PSICOL\u00d3GICO<\/h2>\t\t\t\t<\/div>\n\t\t\t\t<\/div>\n\t\t\t\t\t<\/div>\n\t\t<\/div>\n\t\t\t\t\t<\/div>\n\t\t<\/section>\n\t\t\t\t<section class=\"elementor-section elementor-top-section elementor-element elementor-element-7f78c55d elementor-section-boxed elementor-section-height-default elementor-section-height-default\" data-id=\"7f78c55d\" data-element_type=\"section\" data-settings=\"{&quot;_ha_eqh_enable&quot;:false}\">\n\t\t\t\t\t\t<div class=\"elementor-container elementor-column-gap-default\">\n\t\t\t\t\t<div class=\"elementor-column elementor-col-100 elementor-top-column elementor-element elementor-element-66c297ba\" data-id=\"66c297ba\" data-element_type=\"column\">\n\t\t\t<div class=\"elementor-widget-wrap elementor-element-populated\">\n\t\t\t\t\t\t<div class=\"elementor-element elementor-element-2865bca4 elementor-invisible elementor-widget elementor-widget-image\" data-id=\"2865bca4\" data-element_type=\"widget\" data-settings=\"{&quot;_animation&quot;:&quot;fadeInRight&quot;}\" data-widget_type=\"image.default\">\n\t\t\t\t<div class=\"elementor-widget-container\">\n\t\t\t\t\t\t\t\t\t\t\t\t\t\t\t<img fetchpriority=\"high\" decoding=\"async\" width=\"1920\" height=\"720\" src=\"https:\/\/lbustamante.com.br\/wp-content\/uploads\/2024\/09\/ATENDIMENTO-PSICOLOGICO.png\" class=\"attachment-full size-full wp-image-765\" alt=\"\" srcset=\"https:\/\/lbustamante.com.br\/wp-content\/uploads\/2024\/09\/ATENDIMENTO-PSICOLOGICO.png 1920w, https:\/\/lbustamante.com.br\/wp-content\/uploads\/2024\/09\/ATENDIMENTO-PSICOLOGICO-300x113.png 300w, https:\/\/lbustamante.com.br\/wp-content\/uploads\/2024\/09\/ATENDIMENTO-PSICOLOGICO-1024x384.png 1024w, https:\/\/lbustamante.com.br\/wp-content\/uploads\/2024\/09\/ATENDIMENTO-PSICOLOGICO-768x288.png 768w, https:\/\/lbustamante.com.br\/wp-content\/uploads\/2024\/09\/ATENDIMENTO-PSICOLOGICO-1536x576.png 1536w\" sizes=\"(max-width: 1920px) 100vw, 1920px\" \/>\t\t\t\t\t\t\t\t\t\t\t\t\t\t\t<\/div>\n\t\t\t\t<\/div>\n\t\t\t\t\t<\/div>\n\t\t<\/div>\n\t\t\t\t\t<\/div>\n\t\t<\/section>\n\t\t\t\t<section class=\"elementor-section elementor-top-section elementor-element elementor-element-734ca74d elementor-section-boxed elementor-section-height-default elementor-section-height-default\" data-id=\"734ca74d\" data-element_type=\"section\" data-settings=\"{&quot;_ha_eqh_enable&quot;:false}\">\n\t\t\t\t\t\t<div class=\"elementor-container elementor-column-gap-default\">\n\t\t\t\t\t<div class=\"elementor-column elementor-col-100 elementor-top-column elementor-element elementor-element-47f51810\" data-id=\"47f51810\" data-element_type=\"column\">\n\t\t\t<div class=\"elementor-widget-wrap elementor-element-populated\">\n\t\t\t\t\t\t<div class=\"elementor-element elementor-element-79b652c0 elementor-invisible elementor-widget elementor-widget-heading\" data-id=\"79b652c0\" data-element_type=\"widget\" data-settings=\"{&quot;_animation&quot;:&quot;fadeInUp&quot;}\" data-widget_type=\"heading.default\">\n\t\t\t\t<div class=\"elementor-widget-container\">\n\t\t\t\t\t<h2 class=\"elementor-heading-title elementor-size-default\">ATENDIMENTO PSICOL\u00d3GICO<\/h2>\t\t\t\t<\/div>\n\t\t\t\t<\/div>\n\t\t\t\t<div class=\"elementor-element elementor-element-49ea417b elementor-invisible elementor-widget elementor-widget-heading\" data-id=\"49ea417b\" data-element_type=\"widget\" data-settings=\"{&quot;_animation&quot;:&quot;fadeInUp&quot;,&quot;_animation_delay&quot;:200}\" data-widget_type=\"heading.default\">\n\t\t\t\t<div class=\"elementor-widget-container\">\n\t\t\t\t\t<h3 class=\"elementor-heading-title elementor-size-default\">Para adolescentes e adultos<\/h3>\t\t\t\t<\/div>\n\t\t\t\t<\/div>\n\t\t\t\t<div class=\"elementor-element elementor-element-6f665d3f elementor-invisible elementor-widget elementor-widget-text-editor\" data-id=\"6f665d3f\" data-element_type=\"widget\" data-settings=\"{&quot;_animation&quot;:&quot;fadeInUp&quot;}\" data-widget_type=\"text-editor.default\">\n\t\t\t\t<div class=\"elementor-widget-container\">\n\t\t\t\t\t\t\t\t\t<p>Conjunto de t\u00e9cnicas e ferramentas projetivas que buscam trazer para a consci\u00eancia queixas presentes no inconsciente \u2022 N\u00e3o se trata de eliminar um sintoma, e sim de buscar equil\u00edbrio \u2022 valoriza\u00e7\u00e3o da rela\u00e7\u00e3o de confian\u00e7a entre paciente e terapeuta, usando a din\u00e2mica emocional da intera\u00e7\u00e3o para explorar os conflitos internos e as proje\u00e7\u00f5es, permitindo transforma\u00e7\u00e3o pessoal.<\/p>\t\t\t\t\t\t\t\t<\/div>\n\t\t\t\t<\/div>\n\t\t\t\t\t<\/div>\n\t\t<\/div>\n\t\t\t\t\t<\/div>\n\t\t<\/section>\n\t\t\t\t<\/div>\n\t\t","protected":false},"excerpt":{"rendered":"<p>ATENDIMENTO PSICOL\u00d3GICO ATENDIMENTO PSICOL\u00d3GICO Para adolescentes e adultos Conjunto de t\u00e9cnicas e ferramentas projetivas que buscam trazer para a consci\u00eancia queixas presentes no inconsciente \u2022 N\u00e3o se trata de eliminar um sintoma, e sim de buscar equil\u00edbrio \u2022 valoriza\u00e7\u00e3o da rela\u00e7\u00e3o de confian\u00e7a entre paciente e terapeuta, usando a din\u00e2mica emocional da intera\u00e7\u00e3o para explorar [&hellip;]<\/p>\n","protected":false},"author":1,"featured_media":0,"parent":0,"menu_order":0,"comment_status":"closed","ping_status":"closed","template":"elementor_header_footer","meta":{"two_page_speed":[],"footnotes":""},"class_list":["post-623","page","type-page","status-publish","hentry"],"_links":{"self":[{"href":"https:\/\/lbustamante.com.br\/index.php\/wp-json\/wp\/v2\/pages\/623","targetHints":{"allow":["GET"]}}],"collection":[{"href":"https:\/\/lbustamante.com.br\/index.php\/wp-json\/wp\/v2\/pages"}],"about":[{"href":"https:\/\/lbustamante.com.br\/index.php\/wp-json\/wp\/v2\/types\/page"}],"author":[{"embeddable":true,"href":"https:\/\/lbustamante.com.br\/index.php\/wp-json\/wp\/v2\/users\/1"}],"replies":[{"embeddable":true,"href":"https:\/\/lbustamante.com.br\/index.php\/wp-json\/wp\/v2\/comments?post=623"}],"version-history":[{"count":34,"href":"https:\/\/lbustamante.com.br\/index.php\/wp-json\/wp\/v2\/pages\/623\/revisions"}],"predecessor-version":[{"id":1078,"href":"https:\/\/lbustamante.com.br\/index.php\/wp-json\/wp\/v2\/pages\/623\/revisions\/1078"}],"wp:attachment":[{"href":"https:\/\/lbustamante.com.br\/index.php\/wp-json\/wp\/v2\/media?parent=623"}],"curies":[{"name":"wp","href":"https:\/\/api.w.org\/{rel}","templated":true}]}}